{"id":13010,"date":"2026-03-20T12:41:37","date_gmt":"2026-03-20T11:41:37","guid":{"rendered":"https:\/\/wehostcostabrava.com\/?page_id=13010"},"modified":"2026-03-26T11:32:29","modified_gmt":"2026-03-26T10:32:29","slug":"test-cercador","status":"publish","type":"page","link":"https:\/\/wehostcostabrava.com\/fr\/test-cercador\/","title":{"rendered":"test-cercador"},"content":{"rendered":"\t\t<div data-elementor-type=\"wp-page\" data-elementor-id=\"13010\" class=\"elementor elementor-13010\" data-elementor-post-type=\"page\">\n\t\t\t\t<div data-dce-background-color=\"#1A4D62\" class=\"elementor-element elementor-element-d8009cc e-flex e-con-boxed e-con e-parent\" data-id=\"d8009cc\" data-element_type=\"container\" data-e-type=\"container\" data-settings=\"{&quot;jet_parallax_layout_list&quot;:[],&quot;background_background&quot;:&quot;gradient&quot;}\">\n\t\t\t\t\t<div class=\"e-con-inner\">\n\t\t\t\t<div class=\"elementor-element elementor-element-87cf5d6 elementor-widget elementor-widget-shortcode\" data-id=\"87cf5d6\" data-element_type=\"widget\" data-e-type=\"widget\" data-widget_type=\"shortcode.default\">\n\t\t\t\t<div class=\"elementor-widget-container\">\n\t\t\t\t\t\t\t<div class=\"elementor-shortcode\">    <link rel=\"stylesheet\" href=\"https:\/\/cdnjs.cloudflare.com\/ajax\/libs\/flatpickr\/4.6.13\/flatpickr.min.css\">\n    <script src=\"https:\/\/cdnjs.cloudflare.com\/ajax\/libs\/flatpickr\/4.6.13\/flatpickr.min.js\"><\/script>\n    <script src=\"https:\/\/cdnjs.cloudflare.com\/ajax\/libs\/flatpickr\/4.6.13\/l10n\/es.js\"><\/script>\n    <script src=\"https:\/\/cdnjs.cloudflare.com\/ajax\/libs\/flatpickr\/4.6.13\/l10n\/cat.js\"><\/script>\n    <script src=\"https:\/\/cdnjs.cloudflare.com\/ajax\/libs\/flatpickr\/4.6.13\/l10n\/fr.js\"><\/script>\n    <style>\n        @import url('https:\/\/fonts.googleapis.com\/css2?family=DM+Sans:wght@400;500;600;700&display=swap');\n        :root{--wh-font:'DM Sans',sans-serif;--wh-accent:#FF5F1F;--wh-accent-h:#e6520f;--wh-bg:rgba(0,0,0,0.50);--wh-h:48px;--wh-r:10px;--wh-txt:#1a1a1a;--wh-light:#777;}\n        #whs-69ea5c994d11d{font-family:var(--wh-font);background:var(--wh-bg);backdrop-filter:blur(8px);-webkit-backdrop-filter:blur(8px);padding:24px 28px;border-radius:16px;max-width:1200px;margin:0 auto;}\n        #whs-69ea5c994d11d *{box-sizing:border-box;margin:0;padding:0;}\n        #whs-69ea5c994d11d .whs-row{display:flex;align-items:flex-end;gap:12px;}\n        #whs-69ea5c994d11d .whs-col{flex:1;min-width:0;position:relative;}\n        #whs-69ea5c994d11d .whs-col--loc{flex:1.3;} #whs-69ea5c994d11d .whs-col--dates{flex:1.5;} #whs-69ea5c994d11d .whs-col--guests{flex:0.9;} #whs-69ea5c994d11d .whs-col--btn{flex:0 0 auto;}\n        #whs-69ea5c994d11d .whs-label{display:block;font-size:11px;font-weight:500;letter-spacing:0.5px;text-transform:uppercase;color:#fff;margin-bottom:6px;padding-left:2px;}\n        #whs-69ea5c994d11d .whs-input,#whs-69ea5c994d11d .whs-select{width:100%;height:var(--wh-h);background:#fff;border:1.5px solid #e2e2e2;border-radius:var(--wh-r);padding:0 14px;font-family:var(--wh-font);font-size:14px;color:var(--wh-txt);cursor:pointer;outline:none;-webkit-appearance:none;appearance:none;transition:border-color 0.2s;}\n        #whs-69ea5c994d11d .whs-input:focus,#whs-69ea5c994d11d .whs-select:focus{border-color:var(--wh-accent);box-shadow:0 0 0 3px rgba(255,95,31,0.12);}\n        #whs-69ea5c994d11d .whs-iw{position:relative;} #whs-69ea5c994d11d .whs-iw svg{position:absolute;left:14px;top:50%;transform:translateY(-50%);width:18px;height:18px;color:var(--wh-light);pointer-events:none;z-index:2;}\n        #whs-69ea5c994d11d .whs-iw .whs-select,#whs-69ea5c994d11d .whs-iw .whs-input{padding-left:40px;}\n        #whs-69ea5c994d11d .whs-sw::after{content:'';position:absolute;right:14px;top:50%;transform:translateY(-50%);border-left:5px solid transparent;border-right:5px solid transparent;border-top:5px solid #999;pointer-events:none;}\n        #whs-69ea5c994d11d .whs-select{padding-right:36px;}\n        #whs-69ea5c994d11d .whs-dd{display:flex;align-items:center;width:100%;height:var(--wh-h);background:#fff;border:1.5px solid #e2e2e2;border-radius:var(--wh-r);cursor:pointer;overflow:hidden;position:relative;transition:border-color 0.2s;}\n        #whs-69ea5c994d11d .whs-dd:hover,#whs-69ea5c994d11d .whs-dd.active{border-color:var(--wh-accent);box-shadow:0 0 0 3px rgba(255,95,31,0.12);}\n        #whs-69ea5c994d11d .whs-dd svg{position:absolute;left:14px;top:50%;transform:translateY(-50%);width:18px;height:18px;color:var(--wh-light);pointer-events:none;}\n        #whs-69ea5c994d11d .whs-dt{flex:1;padding:0 12px 0 40px;font-size:14px;color:var(--wh-txt);white-space:nowrap;overflow:hidden;text-overflow:ellipsis;}\n        #whs-69ea5c994d11d .whs-dt.ph{color:var(--wh-light);} #whs-69ea5c994d11d .whs-ds{color:var(--wh-light);font-size:13px;flex-shrink:0;} #whs-69ea5c994d11d .whs-de{padding:0 14px 0 12px;}\n        #whs-69ea5c994d11d .whs-gt{display:flex;align-items:center;width:100%;height:var(--wh-h);background:#fff;border:1.5px solid #e2e2e2;border-radius:var(--wh-r);padding:0 14px;font-size:14px;color:var(--wh-txt);cursor:pointer;position:relative;transition:border-color 0.2s;}\n        #whs-69ea5c994d11d .whs-gt:hover,#whs-69ea5c994d11d .whs-gt.active{border-color:var(--wh-accent);box-shadow:0 0 0 3px rgba(255,95,31,0.12);}\n        #whs-69ea5c994d11d .whs-gt svg{width:18px;height:18px;color:var(--wh-light);margin-right:10px;flex-shrink:0;}\n        #whs-69ea5c994d11d .whs-gdrop{display:none;position:absolute;top:calc(100% + 8px);left:0;right:0;min-width:280px;background:#fff;border-radius:12px;box-shadow:0 8px 30px rgba(0,0,0,0.15);padding:20px;z-index:9999;}\n        #whs-69ea5c994d11d .whs-gdrop.open{display:block;}\n        #whs-69ea5c994d11d .whs-gr{display:flex;align-items:center;justify-content:space-between;padding:10px 0;} #whs-69ea5c994d11d .whs-gr+.whs-gr{border-top:1px solid #f0f0f0;}\n        #whs-69ea5c994d11d .whs-gn{font-size:14px;font-weight:500;} #whs-69ea5c994d11d .whs-gd{font-size:12px;color:var(--wh-light);margin-top:1px;}\n        #whs-69ea5c994d11d .whs-gc{display:flex;align-items:center;gap:12px;}\n        #whs-69ea5c994d11d .whs-gb{width:32px;height:32px;border-radius:50%;border:1.5px solid #ddd;background:#fff;font-size:18px;font-weight:300;cursor:pointer;display:flex;align-items:center;justify-content:center;padding:0;font-family:var(--wh-font);transition:border-color 0.15s;}\n        #whs-69ea5c994d11d .whs-gb:hover:not(:disabled){border-color:var(--wh-accent);color:var(--wh-accent);} #whs-69ea5c994d11d .whs-gb:disabled{opacity:0.3;cursor:not-allowed;}\n        #whs-69ea5c994d11d .whs-gv{font-size:15px;font-weight:500;width:24px;text-align:center;}\n        #whs-69ea5c994d11d .whs-gcl{display:block;width:100%;margin-top:14px;padding:10px;background:#f5f5f5;border:none;border-radius:8px;font-family:var(--wh-font);font-size:13px;font-weight:500;cursor:pointer;} #whs-69ea5c994d11d .whs-gcl:hover{background:#eee;}\n        #whs-69ea5c994d11d .whs-btn{display:flex;align-items:center;justify-content:center;gap:8px;height:var(--wh-h);padding:0 28px;background:var(--wh-accent);color:#fff;border:none;border-radius:var(--wh-r);font-family:var(--wh-font);font-size:15px;font-weight:600;cursor:pointer;white-space:nowrap;transition:background 0.2s;}\n        #whs-69ea5c994d11d .whs-btn:hover{background:var(--wh-accent-h);} #whs-69ea5c994d11d .whs-btn svg{width:18px;height:18px;} #whs-69ea5c994d11d .whs-h{display:none;}\n\n        \/* \u2500\u2500 Flatpickr (copiat del multi-search que funciona) \u2500\u2500 *\/\n        .flatpickr-calendar.whs-calendar {\n            font-family: var(--wh-font) !important;\n            border-radius: 12px !important;\n            box-shadow: 0 8px 30px rgba(0,0,0,0.15) !important;\n            border: none !important;\n            padding: 16px !important;\n            z-index: 9999 !important;\n            width: 620px !important;\n            max-width: 620px !important;\n        }\n        @media (max-width: 660px) {\n            .flatpickr-calendar.whs-calendar {\n                width: 95vw !important;\n                max-width: 95vw !important;\n            }\n        }\n        .whs-calendar .numInputWrapper { display: none !important; }\n        .whs-calendar .flatpickr-months { display: flex !important; }\n        .whs-calendar .flatpickr-month { flex: 1 !important; height: 40px !important; }\n        .whs-calendar .flatpickr-current-month { font-size: 15px !important; font-weight: 700 !important; padding-top: 5px !important; }\n        .whs-calendar .flatpickr-prev-month,\n        .whs-calendar .flatpickr-next-month { top: 12px !important; }\n        .whs-calendar .flatpickr-prev-month svg,\n        .whs-calendar .flatpickr-next-month svg { width: 14px !important; height: 14px !important; stroke-width: 3 !important; }\n        .whs-calendar .flatpickr-innerContainer { display: flex !important; }\n        .whs-calendar .flatpickr-rContainer { flex: 1 !important; padding: 0 10px !important; }\n        .whs-calendar .flatpickr-weekdays { display: flex !important; width: 100% !important; }\n        .whs-calendar .flatpickr-weekdaycontainer { display: flex !important; width: 100% !important; }\n        .whs-calendar .flatpickr-weekday { flex: 1 1 14.2857% !important; text-align: center !important; font-size: 12px !important; font-weight: 600 !important; color: #999 !important; line-height: 28px !important; }\n        .whs-calendar .flatpickr-days { display: flex !important; width: 100% !important; }\n        .whs-calendar .dayContainer { display: flex !important; flex-wrap: wrap !important; width: 100% !important; min-width: 0 !important; max-width: none !important; padding: 0 !important; }\n        .whs-calendar .flatpickr-day { height: 36px !important; line-height: 34px !important; max-width: calc(14.2857% - 4px) !important; margin: 2px 2px !important; font-size: 13px !important; border-radius: 50% !important; }\n        .whs-calendar .flatpickr-day.hidden,\n        .whs-calendar .flatpickr-day.prevMonthDay.hidden,\n        .whs-calendar .flatpickr-day.nextMonthDay.hidden { display: block !important; visibility: hidden !important; height: 36px !important; max-width: calc(14.2857% - 4px) !important; margin: 2px 2px !important; }\n        .whs-calendar .flatpickr-day.prevMonthDay,\n        .whs-calendar .flatpickr-day.nextMonthDay { color: #ddd !important; }\n        .whs-calendar .flatpickr-day.selected,\n        .whs-calendar .flatpickr-day.startRange,\n        .whs-calendar .flatpickr-day.endRange { background: var(--wh-accent) !important; border-color: var(--wh-accent) !important; color: #fff !important; }\n        .whs-calendar .flatpickr-day.inRange { background: rgba(255,95,31,0.15) !important; border-color: rgba(255,95,31,0.15) !important; box-shadow: none !important; }\n        .whs-calendar .flatpickr-day.today:not(.selected) { border-color: var(--wh-accent) !important; }\n\n        @media(max-width:991px){\n            #whs-69ea5c994d11d .whs-row{flex-direction:column;gap:10px;}\n            #whs-69ea5c994d11d .whs-col{width:100%!important;flex:none!important;}\n            #whs-69ea5c994d11d{padding:18px 16px;}\n            #whs-69ea5c994d11d .whs-btn{width:100%;}\n        }\n    <\/style>\n\n    <div id=\"whs-69ea5c994d11d\">\n        <form action=\"https:\/\/wehostcostabrava.com\/fr\/resultats-recherche\/\" method=\"GET\">\n            <input type=\"hidden\" name=\"start_date\" id=\"whs-69ea5c994d11d-sd\">\n            <input type=\"hidden\" name=\"end_date\" id=\"whs-69ea5c994d11d-ed\">\n            <input type=\"hidden\" name=\"adults\" id=\"whs-69ea5c994d11d-a\" value=\"1\">\n            <input type=\"hidden\" name=\"children\" id=\"whs-69ea5c994d11d-c\" value=\"0\">\n            <div class=\"whs-row\">\n                <div class=\"whs-col whs-col--loc\">\n                    <label class=\"whs-label\">Lieu<\/label>\n                    <div class=\"whs-iw whs-sw\">\n                        <svg viewBox=\"0 0 24 24\" fill=\"none\" stroke=\"currentColor\" stroke-width=\"2\"><path d=\"M21 10c0 7-9 13-9 13s-9-6-9-13a9 9 0 0 1 18 0z\"\/><circle cx=\"12\" cy=\"10\" r=\"3\"\/><\/svg>\n                        <select name=\"location\" class=\"whs-select\">\n                            <option value=\"\">Tous les lieux<\/option><option value=\"Calella de Palafrugell\">Calella de Palafrugell<\/option><option value=\"La Fosca - Palam\u00f3s\">La Fosca - Palam\u00f3s<\/option><option value=\"Tamariu\">Tamariu<\/option><option value=\"Llafranc\">Llafranc<\/option><option value=\"Mont-ras\">Mont-ras<\/option><option value=\"Pals\">Pals<\/option>                        <\/select>\n                    <\/div>\n                <\/div>\n                <div class=\"whs-col whs-col--dates\">\n                    <label class=\"whs-label\">Dates<\/label>\n                    <div class=\"whs-dd\" id=\"whs-69ea5c994d11d-dd\">\n                        <svg viewBox=\"0 0 24 24\" fill=\"none\" stroke=\"currentColor\" stroke-width=\"2\"><rect x=\"3\" y=\"4\" width=\"18\" height=\"18\" rx=\"2\"\/><line x1=\"16\" y1=\"2\" x2=\"16\" y2=\"6\"\/><line x1=\"8\" y1=\"2\" x2=\"8\" y2=\"6\"\/><line x1=\"3\" y1=\"10\" x2=\"21\" y2=\"10\"\/><\/svg>\n                        <span class=\"whs-dt ph\" id=\"whs-69ea5c994d11d-ds\">Arriv\u00e9e<\/span>\n                        <span class=\"whs-ds\">\u2014<\/span>\n                        <span class=\"whs-dt whs-de ph\" id=\"whs-69ea5c994d11d-de\">D\u00e9part<\/span>\n                    <\/div>\n                    <input type=\"text\" id=\"whs-69ea5c994d11d-fp\" class=\"whs-h\" readonly>\n                <\/div>\n                <div class=\"whs-col whs-col--guests\">\n                    <label class=\"whs-label\">Voyageurs<\/label>\n                    <div style=\"position:relative;\">\n                        <div class=\"whs-gt\" id=\"whs-69ea5c994d11d-gtr\">\n                            <svg viewBox=\"0 0 24 24\" fill=\"none\" stroke=\"currentColor\" stroke-width=\"2\"><path d=\"M17 21v-2a4 4 0 0 0-4-4H5a4 4 0 0 0-4 4v2\"\/><circle cx=\"9\" cy=\"7\" r=\"4\"\/><path d=\"M23 21v-2a4 4 0 0 0-3-3.87\"\/><path d=\"M16 3.13a4 4 0 0 1 0 7.75\"\/><\/svg>\n                            <span id=\"whs-69ea5c994d11d-gl\">1 voyageur<\/span>\n                        <\/div>\n                        <div class=\"whs-gdrop\" id=\"whs-69ea5c994d11d-gdp\">\n                                                            <div class=\"whs-gr\"><div><div class=\"whs-gn\">Adultes<\/div><div class=\"whs-gd\">\u00c2ge: 13+<\/div><\/div>\n                                <div class=\"whs-gc\"><button type=\"button\" class=\"whs-gb\" data-t=\"adults\" data-a=\"dec\" disabled>\u2212<\/button><span class=\"whs-gv\" id=\"whs-69ea5c994d11d-gv-adults\">1<\/span><button type=\"button\" class=\"whs-gb\" data-t=\"adults\" data-a=\"inc\">+<\/button><\/div><\/div>\n                                                            <div class=\"whs-gr\"><div><div class=\"whs-gn\">Enfants<\/div><div class=\"whs-gd\">\u00c2ge: 2-12<\/div><\/div>\n                                <div class=\"whs-gc\"><button type=\"button\" class=\"whs-gb\" data-t=\"children\" data-a=\"dec\" disabled>\u2212<\/button><span class=\"whs-gv\" id=\"whs-69ea5c994d11d-gv-children\">0<\/span><button type=\"button\" class=\"whs-gb\" data-t=\"children\" data-a=\"inc\">+<\/button><\/div><\/div>\n                                                            <div class=\"whs-gr\"><div><div class=\"whs-gn\">B\u00e9b\u00e9s<\/div><div class=\"whs-gd\">\u00c2ge: moins de 2<\/div><\/div>\n                                <div class=\"whs-gc\"><button type=\"button\" class=\"whs-gb\" data-t=\"infants\" data-a=\"dec\" disabled>\u2212<\/button><span class=\"whs-gv\" id=\"whs-69ea5c994d11d-gv-infants\">0<\/span><button type=\"button\" class=\"whs-gb\" data-t=\"infants\" data-a=\"inc\">+<\/button><\/div><\/div>\n                                                            <div class=\"whs-gr\"><div><div class=\"whs-gn\">Animaux<\/div><\/div>\n                                <div class=\"whs-gc\"><button type=\"button\" class=\"whs-gb\" data-t=\"pets\" data-a=\"dec\" disabled>\u2212<\/button><span class=\"whs-gv\" id=\"whs-69ea5c994d11d-gv-pets\">0<\/span><button type=\"button\" class=\"whs-gb\" data-t=\"pets\" data-a=\"inc\">+<\/button><\/div><\/div>\n                                                        <button type=\"button\" class=\"whs-gcl\" id=\"whs-69ea5c994d11d-gcl\">Fermer<\/button>\n                        <\/div>\n                    <\/div>\n                <\/div>\n                <div class=\"whs-col whs-col--btn\">\n                    <label class=\"whs-label\">&nbsp;<\/label>\n                    <button type=\"submit\" class=\"whs-btn\"><svg viewBox=\"0 0 24 24\" fill=\"none\" stroke=\"currentColor\" stroke-width=\"2.5\"><circle cx=\"11\" cy=\"11\" r=\"8\"\/><line x1=\"21\" y1=\"21\" x2=\"16.65\" y2=\"16.65\"\/><\/svg><span>Chercher<\/span><\/button>\n                <\/div>\n            <\/div>\n        <\/form>\n    <\/div>\n\n    <script>\n    (function(){\n        var U='whs-69ea5c994d11d',T={\"label_location\":\"Lieu\",\"label_dates\":\"Dates\",\"label_guests\":\"Voyageurs\",\"select_location\":\"Tous les lieux\",\"placeholder_checkin\":\"Arriv\\u00e9e\",\"placeholder_checkout\":\"D\\u00e9part\",\"guests_adults\":\"Adultes\",\"guests_adults_age\":\"\\u00c2ge: 13+\",\"guests_children\":\"Enfants\",\"guests_children_age\":\"\\u00c2ge: 2-12\",\"guests_infants\":\"B\\u00e9b\\u00e9s\",\"guests_infants_age\":\"\\u00c2ge: moins de 2\",\"guests_pets\":\"Animaux\",\"guests_close\":\"Fermer\",\"btn_search\":\"Chercher\",\"guest_s\":\"voyageur\",\"guest_p\":\"voyageurs\",\"dates_required\":\"S\\u00e9lectionnez les dates de s\\u00e9jour\",\"searching\":\"Recherche de disponibilit\\u00e9...\",\"no_results\":\"Aucune propri\\u00e9t\\u00e9 disponible. Essayez d'autres dates.\",\"from\":\"D\\u00e8s\",\"per_night\":\"\\\/ nuit\",\"checking\":\"V\\u00e9rification...\",\"available\":\"Disponible\",\"no_results_cat\":\"Aucune propri\\u00e9t\\u00e9 disponible dans cette cat\\u00e9gorie pour les dates s\\u00e9lectionn\\u00e9es.\",\"contact_msg\":\"Pour confirmer la disponibilit\\u00e9, contactez-nous :\",\"cat_casa\":\"Maisons\",\"cat_apartament\":\"Appartements\",\"cat_bb\":\"Chambres d'h\\u00f4tes\",\"badge_casa\":\"Maison\",\"badge_apartament\":\"Appartement\",\"badge_bb\":\"Chambre d'h\\u00f4tes\",\"tag_vista_mar\":\"Vue mer\",\"tag_premium\":\"S\\u00e9lection Premium\",\"min_stay_prefix\":\"Disponible \\u2014 s\\u00e9jour minimum\",\"min_stay_suffix\":\"nuits\"},lang='fr';\n        var fpLocales={es:'es',ca:'cat',en:'default',fr:'fr'};\n        var fpKey=fpLocales[lang]||'es';\n        var localeObj;\n        if(fpKey==='default'||!flatpickr.l10ns[fpKey]){localeObj={firstDayOfWeek:1};}\n        else{localeObj=Object.assign({},flatpickr.l10ns[fpKey],{firstDayOfWeek:1});}\n\n        var fp=flatpickr('#'+U+'-fp',{\n            mode:'range',minDate:'today',dateFormat:'Y-m-d',\n            showMonths:window.innerWidth>768?2:1,\n            locale:localeObj,disableMobile:true,\n            positionElement:document.getElementById(U+'-dd'),\n            onReady:function(s,d,inst){\n                inst.calendarContainer.classList.add('whs-calendar');\n                addYear(inst);\n            },\n            onMonthChange:function(s,d,inst){addYear(inst);},\n            onYearChange:function(s,d,inst){addYear(inst);},\n            onChange:function(dates){\n                var ds=document.getElementById(U+'-ds'),de=document.getElementById(U+'-de');\n                if(dates.length>=1){ds.textContent=fmtD(dates[0]);ds.classList.remove('ph');document.getElementById(U+'-sd').value=fmtI(dates[0]);}\n                if(dates.length===2){de.textContent=fmtD(dates[1]);de.classList.remove('ph');document.getElementById(U+'-ed').value=fmtI(dates[1]);}\n                else{de.textContent=T.placeholder_checkout;de.classList.add('ph');document.getElementById(U+'-ed').value='';}\n            },\n            onOpen:function(){document.getElementById(U+'-dd').classList.add('active');},\n            onClose:function(){document.getElementById(U+'-dd').classList.remove('active');}\n        });\n        document.getElementById(U+'-dd').addEventListener('click',function(){fp.open();});\n\n        function addYear(inst){\n            var baseMonth=inst.currentMonth, baseYear=inst.currentYear;\n            inst.calendarContainer.querySelectorAll('.flatpickr-current-month').forEach(function(el, i){\n                var old=el.querySelector('.whs-year'); if(old)old.remove();\n                var m=baseMonth+i, y=baseYear;\n                if(m>11){m-=12;y++;}\n                var sp=document.createElement('span');sp.className='whs-year';sp.style.cssText='font-size:15px;font-weight:700;margin-left:8px;';sp.textContent=y;el.appendChild(sp);\n            });\n        }\n\n        var months={es:['ene','feb','mar','abr','may','jun','jul','ago','sep','oct','nov','dic'],ca:['gen','feb','mar','abr','mai','jun','jul','ago','set','oct','nov','des'],en:['Jan','Feb','Mar','Apr','May','Jun','Jul','Aug','Sep','Oct','Nov','Dec'],fr:['jan','f\u00e9v','mar','avr','mai','jun','jul','ao\u00fb','sep','oct','nov','d\u00e9c']};\n        function fmtD(d){var m=months[lang]||months.es;return d.getDate()+' '+m[d.getMonth()]+' '+d.getFullYear();}\n        function fmtI(d){return d.getFullYear()+'-'+String(d.getMonth()+1).padStart(2,'0')+'-'+String(d.getDate()).padStart(2,'0');}\n\n        var g={adults:1,children:0,infants:0,pets:0},gmax={adults:20,children:10,infants:5,pets:5},gmin={adults:1,children:0,infants:0,pets:0};\n        var trigger=document.getElementById(U+'-gtr'),drop=document.getElementById(U+'-gdp');\n        trigger.addEventListener('click',function(e){e.stopPropagation();drop.classList.toggle('open');trigger.classList.toggle('active');});\n        document.getElementById(U+'-gcl').addEventListener('click',function(){drop.classList.remove('open');trigger.classList.remove('active');});\n        document.addEventListener('click',function(e){if(!drop.contains(e.target)&&!trigger.contains(e.target)){drop.classList.remove('open');trigger.classList.remove('active');}});\n        document.querySelectorAll('#'+U+' .whs-gb').forEach(function(btn){btn.addEventListener('click',function(e){e.stopPropagation();var t=this.dataset.t,a=this.dataset.a;if(a==='inc'&&g[t]<gmax[t])g[t]++;else if(a==='dec'&&g[t]>gmin[t])g[t]--;updG();});});\n        function updG(){\n            ['adults','children','infants','pets'].forEach(function(k){document.getElementById(U+'-gv-'+k).textContent=g[k];});\n            document.getElementById(U+'-a').value=g.adults;document.getElementById(U+'-c').value=g.children;\n            var tot=g.adults+g.children;var lbl=tot+' '+(tot===1?T.guest_s:T.guest_p);\n            if(g.infants>0)lbl+=', '+g.infants+' '+(T.guests_infants||'').toLowerCase();\n            if(g.pets>0)lbl+=', '+g.pets+' '+(T.guests_pets||'').toLowerCase();\n            document.getElementById(U+'-gl').textContent=lbl;\n            document.querySelectorAll('#'+U+' .whs-gb').forEach(function(b){var t=b.dataset.t,a=b.dataset.a;b.disabled=(a==='dec'?g[t]<=gmin[t]:g[t]>=gmax[t]);});\n        }\n        updG();\n\n        \/\/ Persistir par\u00e0metres GET de la URL als camps del cercador\n        var params=new URLSearchParams(window.location.search);\n        var pSd=params.get('start_date'),pEd=params.get('end_date');\n        if(pSd&&pEd){\n            fp.setDate([pSd,pEd],true);\n            document.getElementById(U+'-sd').value=pSd;\n            document.getElementById(U+'-ed').value=pEd;\n            var ds=document.getElementById(U+'-ds'),de=document.getElementById(U+'-de');\n            ds.textContent=fmtD(new Date(pSd+'T12:00:00'));ds.classList.remove('ph');\n            de.textContent=fmtD(new Date(pEd+'T12:00:00'));de.classList.remove('ph');\n        }\n        var pAd=params.get('adults'),pCh=params.get('children');\n        if(pAd){g.adults=parseInt(pAd)||1;}\n        if(pCh){g.children=parseInt(pCh)||0;}\n        updG();\n        var pLoc=params.get('location');\n        if(pLoc){var sel=document.querySelector('#'+U+' select[name=\"location\"]');if(sel)sel.value=pLoc;}\n    })();\n    <\/script>\n    <\/div>\n\t\t\t\t\t\t<\/div>\n\t\t\t\t<\/div>\n\t\t\t\t\t<\/div>\n\t\t\t\t<\/div>\n\t\t\t\t<\/div>\n\t\t","protected":false},"excerpt":{"rendered":"","protected":false},"author":1,"featured_media":0,"parent":0,"menu_order":0,"comment_status":"closed","ping_status":"closed","template":"","meta":{"_acf_changed":false,"footnotes":""},"class_list":["post-13010","page","type-page","status-publish","hentry"],"acf":[],"_links":{"self":[{"href":"https:\/\/wehostcostabrava.com\/fr\/wp-json\/wp\/v2\/pages\/13010","targetHints":{"allow":["GET"]}}],"collection":[{"href":"https:\/\/wehostcostabrava.com\/fr\/wp-json\/wp\/v2\/pages"}],"about":[{"href":"https:\/\/wehostcostabrava.com\/fr\/wp-json\/wp\/v2\/types\/page"}],"author":[{"embeddable":true,"href":"https:\/\/wehostcostabrava.com\/fr\/wp-json\/wp\/v2\/users\/1"}],"replies":[{"embeddable":true,"href":"https:\/\/wehostcostabrava.com\/fr\/wp-json\/wp\/v2\/comments?post=13010"}],"version-history":[{"count":25,"href":"https:\/\/wehostcostabrava.com\/fr\/wp-json\/wp\/v2\/pages\/13010\/revisions"}],"predecessor-version":[{"id":13070,"href":"https:\/\/wehostcostabrava.com\/fr\/wp-json\/wp\/v2\/pages\/13010\/revisions\/13070"}],"wp:attachment":[{"href":"https:\/\/wehostcostabrava.com\/fr\/wp-json\/wp\/v2\/media?parent=13010"}],"curies":[{"name":"wp","href":"https:\/\/api.w.org\/{rel}","templated":true}]}}