{"id":8802,"date":"2025-05-06T11:18:06","date_gmt":"2025-05-06T09:18:06","guid":{"rendered":"https:\/\/wehostcostabrava.com\/eventos\/"},"modified":"2025-05-08T09:19:24","modified_gmt":"2025-05-08T07:19:24","slug":"esdeveniments","status":"publish","type":"page","link":"https:\/\/wehostcostabrava.com\/ca\/esdeveniments\/","title":{"rendered":"Eventos"},"content":{"rendered":"\t\t<div data-elementor-type=\"wp-page\" data-elementor-id=\"8802\" class=\"elementor elementor-8802 elementor-8800\" data-elementor-post-type=\"page\">\n\t\t\t\t<div class=\"elementor-element elementor-element-1219411 e-flex e-con-boxed e-con e-parent\" data-id=\"1219411\" data-element_type=\"container\" data-e-type=\"container\" data-settings=\"{&quot;jet_parallax_layout_list&quot;:[]}\">\n\t\t\t\t\t<div class=\"e-con-inner\">\n\t\t\t\t<div class=\"elementor-element elementor-element-7ec4b8e dce-posts-layout-template dce-col-3 dce-col-tablet-2 dce-col-mobile-1 elementor-widget elementor-widget-dce-dynamicposts-v2\" data-id=\"7ec4b8e\" data-element_type=\"widget\" data-e-type=\"widget\" data-settings=\"{&quot;style_items&quot;:&quot;template&quot;,&quot;grid_grid_type&quot;:&quot;masonry&quot;}\" data-widget_type=\"dce-dynamicposts-v2.grid\">\n\t\t\t\t<div class=\"elementor-widget-container\">\n\t\t\t\t\t\n\t\t<div class=\"dce-fix-background-loop dce-posts-container dce-posts dce-dynamic-posts-collection  dce-skin-grid dce-skin-grid-masonry\">\n\t\t\t\t\t\t<div class=\"dce-posts-wrapper dce-wrapper-grid\">\n\t\t\t\n\t\t<article class=\"post-9463 experiencia type-experiencia status-publish has-post-thumbnail hentry experiencia-eventos dce-post dce-post-item dce-item-grid\" data-dce-post-id=\"9463\" data-dce-post-index=\"0\">\n\t\t\t<div class=\"dce-post-block\">\n\t\t<style>.elementor-5230 .elementor-element.elementor-element-bc49e29{--display:flex;--flex-direction:column;--container-widget-width:100%;--container-widget-height:initial;--container-widget-flex-grow:0;--container-widget-align-self:initial;--flex-wrap-mobile:wrap;--gap:5px 5px;--row-gap:5px;--column-gap:5px;--padding-top:0px;--padding-bottom:0px;--padding-left:0px;--padding-right:0px;}.elementor-5230 .elementor-element.elementor-element-a9f5696{--display:flex;--gap:0px 0px;--row-gap:0px;--column-gap:0px;--padding-top:0px;--padding-bottom:0px;--padding-left:0px;--padding-right:0px;}.elementor-widget-image .widget-image-caption{color:var( --e-global-color-text );font-family:var( --e-global-typography-text-font-family ), Sans-serif;font-weight:var( --e-global-typography-text-font-weight );}.elementor-5230 .elementor-element.elementor-element-42d1505 img{border-radius:15px 15px 15px 15px;}.elementor-widget-heading .elementor-heading-title{font-family:var( --e-global-typography-primary-font-family ), Sans-serif;font-weight:var( --e-global-typography-primary-font-weight );color:var( --e-global-color-primary );}.elementor-5230 .elementor-element.elementor-element-37f6979 .elementor-heading-title{font-family:\"Playfair Display\", Sans-serif;font-size:18px;font-weight:600;line-height:1.4em;}.elementor-5230 .elementor-element.elementor-element-37f6979 > .elementor-widget-container{padding:10px 0px 0px 0px;}@media(min-width:768px){.elementor-5230 .elementor-element.elementor-element-bc49e29{--content-width:800px;}}<\/style>\t\t<div data-elementor-type=\"section\" data-elementor-id=\"5230\" class=\"elementor elementor-5230 dce-elementor-rendering-id-1\" data-elementor-post-type=\"elementor_library\">\n\t\t\t<div class=\"elementor-element elementor-element-bc49e29 e-flex e-con-boxed e-con e-parent\" data-id=\"bc49e29\" data-element_type=\"container\" data-e-type=\"container\" data-settings=\"{&quot;jet_parallax_layout_list&quot;:[]}\">\n\t\t\t\t\t<div class=\"e-con-inner\">\n\t\t<a class=\"elementor-element elementor-element-a9f5696 e-flex e-con-boxed e-con e-child\" data-id=\"a9f5696\" data-element_type=\"container\" data-e-type=\"container\" data-settings=\"{&quot;jet_parallax_layout_list&quot;:[]}\" href=\"https:\/\/wehostcostabrava.com\/ca\/rally-costa-brava-historic-2025-apartaments-wehost\/\">\n\t\t\t\t\t<div class=\"e-con-inner\">\n\t\t\t\t<div class=\"elementor-element elementor-element-42d1505 elementor-widget elementor-widget-image\" data-id=\"42d1505\" data-element_type=\"widget\" data-e-type=\"widget\" data-widget_type=\"image.default\">\n\t\t\t\t<div class=\"elementor-widget-container\">\n\t\t\t\t\t\t\t\t\t\t\t\t\t\t\t<img decoding=\"async\" src=\"https:\/\/wehostcostabrava.com\/wp-content\/uploads\/elementor\/thumbs\/Rally-costa-brava-historico-2025-r6t3hq74wartcuxikf7ig2l5x0aoen3lcxk9kdx5j4.jpg\" title=\"Rally costa brava historico 2025\" alt=\"Rally costa brava historico 2025\" loading=\"lazy\" \/>\t\t\t\t\t\t\t\t\t\t\t\t\t\t\t<\/div>\n\t\t\t\t<\/div>\n\t\t\t\t<div class=\"elementor-element elementor-element-37f6979 elementor-widget elementor-widget-heading\" data-id=\"37f6979\" data-element_type=\"widget\" data-e-type=\"widget\" data-widget_type=\"heading.default\">\n\t\t\t\t<div class=\"elementor-widget-container\">\n\t\t\t\t\t<h2 class=\"elementor-heading-title elementor-size-default\"><a href=\"https:\/\/wehostcostabrava.com\/ca\/rally-costa-brava-historic-2025-apartaments-wehost\/\">Rally Costa Brava Hist\u00f2ric 2025: passi\u00f3 pels cl\u00e0ssics i allotjament ideal a la Costa Brava<\/a><\/h2>\t\t\t\t<\/div>\n\t\t\t\t<\/div>\n\t\t\t\t\t<\/div>\n\t\t\t\t<\/a>\n\t\t\t\t\t<\/div>\n\t\t\t\t<\/div>\n\t\t\t\t<\/div>\n\t\t\t\t\t<\/div>\n\t\t<\/article>\n\t\t\n\t\t<article class=\"post-9361 experiencia type-experiencia status-publish has-post-thumbnail hentry experiencia-eventos dce-post dce-post-item dce-item-grid\" data-dce-post-id=\"9361\" data-dce-post-index=\"1\">\n\t\t\t<div class=\"dce-post-block\">\n\t\t<style>.elementor-5230 .elementor-element.elementor-element-bc49e29{--display:flex;--flex-direction:column;--container-widget-width:100%;--container-widget-height:initial;--container-widget-flex-grow:0;--container-widget-align-self:initial;--flex-wrap-mobile:wrap;--gap:5px 5px;--row-gap:5px;--column-gap:5px;--padding-top:0px;--padding-bottom:0px;--padding-left:0px;--padding-right:0px;}.elementor-5230 .elementor-element.elementor-element-a9f5696{--display:flex;--gap:0px 0px;--row-gap:0px;--column-gap:0px;--padding-top:0px;--padding-bottom:0px;--padding-left:0px;--padding-right:0px;}.elementor-widget-image .widget-image-caption{color:var( --e-global-color-text );font-family:var( --e-global-typography-text-font-family ), Sans-serif;font-weight:var( --e-global-typography-text-font-weight );}.elementor-5230 .elementor-element.elementor-element-42d1505 img{border-radius:15px 15px 15px 15px;}.elementor-widget-heading .elementor-heading-title{font-family:var( --e-global-typography-primary-font-family ), Sans-serif;font-weight:var( --e-global-typography-primary-font-weight );color:var( --e-global-color-primary );}.elementor-5230 .elementor-element.elementor-element-37f6979 .elementor-heading-title{font-family:\"Playfair Display\", Sans-serif;font-size:18px;font-weight:600;line-height:1.4em;}.elementor-5230 .elementor-element.elementor-element-37f6979 > .elementor-widget-container{padding:10px 0px 0px 0px;}@media(min-width:768px){.elementor-5230 .elementor-element.elementor-element-bc49e29{--content-width:800px;}}<\/style>\t\t<div data-elementor-type=\"section\" data-elementor-id=\"5230\" class=\"elementor elementor-5230 dce-elementor-rendering-id-2\" data-elementor-post-type=\"elementor_library\">\n\t\t\t<div class=\"elementor-element elementor-element-bc49e29 e-flex e-con-boxed e-con e-parent\" data-id=\"bc49e29\" data-element_type=\"container\" data-e-type=\"container\" data-settings=\"{&quot;jet_parallax_layout_list&quot;:[]}\">\n\t\t\t\t\t<div class=\"e-con-inner\">\n\t\t<a class=\"elementor-element elementor-element-a9f5696 e-flex e-con-boxed e-con e-child\" data-id=\"a9f5696\" data-element_type=\"container\" data-e-type=\"container\" data-settings=\"{&quot;jet_parallax_layout_list&quot;:[]}\" href=\"https:\/\/wehostcostabrava.com\/ca\/festival-peralada-2025-allotjament-we-host-costa-brava\/\">\n\t\t\t\t\t<div class=\"e-con-inner\">\n\t\t\t\t<div class=\"elementor-element elementor-element-42d1505 elementor-widget elementor-widget-image\" data-id=\"42d1505\" data-element_type=\"widget\" data-e-type=\"widget\" data-widget_type=\"image.default\">\n\t\t\t\t<div class=\"elementor-widget-container\">\n\t\t\t\t\t\t\t\t\t\t\t\t\t\t\t<img decoding=\"async\" src=\"https:\/\/wehostcostabrava.com\/wp-content\/uploads\/elementor\/thumbs\/festival-castell-de-perelada-r612anness9xa3u6i47xy39zvviq0j9matso82d0sg.jpg\" title=\"festival castell de perelada\" alt=\"festival castell de perelada\" loading=\"lazy\" \/>\t\t\t\t\t\t\t\t\t\t\t\t\t\t\t<\/div>\n\t\t\t\t<\/div>\n\t\t\t\t<div class=\"elementor-element elementor-element-37f6979 elementor-widget elementor-widget-heading\" data-id=\"37f6979\" data-element_type=\"widget\" data-e-type=\"widget\" data-widget_type=\"heading.default\">\n\t\t\t\t<div class=\"elementor-widget-container\">\n\t\t\t\t\t<h2 class=\"elementor-heading-title elementor-size-default\"><a href=\"https:\/\/wehostcostabrava.com\/ca\/festival-peralada-2025-allotjament-we-host-costa-brava\/\">Cartell complet del Festival Castell de Peralada 2025<\/a><\/h2>\t\t\t\t<\/div>\n\t\t\t\t<\/div>\n\t\t\t\t\t<\/div>\n\t\t\t\t<\/a>\n\t\t\t\t\t<\/div>\n\t\t\t\t<\/div>\n\t\t\t\t<\/div>\n\t\t\t\t\t<\/div>\n\t\t<\/article>\n\t\t\n\t\t<article class=\"post-8881 experiencia type-experiencia status-publish has-post-thumbnail hentry experiencia-eventos dce-post dce-post-item dce-item-grid\" data-dce-post-id=\"8881\" data-dce-post-index=\"2\">\n\t\t\t<div class=\"dce-post-block\">\n\t\t<style>.elementor-5230 .elementor-element.elementor-element-bc49e29{--display:flex;--flex-direction:column;--container-widget-width:100%;--container-widget-height:initial;--container-widget-flex-grow:0;--container-widget-align-self:initial;--flex-wrap-mobile:wrap;--gap:5px 5px;--row-gap:5px;--column-gap:5px;--padding-top:0px;--padding-bottom:0px;--padding-left:0px;--padding-right:0px;}.elementor-5230 .elementor-element.elementor-element-a9f5696{--display:flex;--gap:0px 0px;--row-gap:0px;--column-gap:0px;--padding-top:0px;--padding-bottom:0px;--padding-left:0px;--padding-right:0px;}.elementor-widget-image .widget-image-caption{color:var( --e-global-color-text );font-family:var( --e-global-typography-text-font-family ), Sans-serif;font-weight:var( --e-global-typography-text-font-weight );}.elementor-5230 .elementor-element.elementor-element-42d1505 img{border-radius:15px 15px 15px 15px;}.elementor-widget-heading .elementor-heading-title{font-family:var( --e-global-typography-primary-font-family ), Sans-serif;font-weight:var( --e-global-typography-primary-font-weight );color:var( --e-global-color-primary );}.elementor-5230 .elementor-element.elementor-element-37f6979 .elementor-heading-title{font-family:\"Playfair Display\", Sans-serif;font-size:18px;font-weight:600;line-height:1.4em;}.elementor-5230 .elementor-element.elementor-element-37f6979 > .elementor-widget-container{padding:10px 0px 0px 0px;}@media(min-width:768px){.elementor-5230 .elementor-element.elementor-element-bc49e29{--content-width:800px;}}<\/style>\t\t<div data-elementor-type=\"section\" data-elementor-id=\"5230\" class=\"elementor elementor-5230 dce-elementor-rendering-id-3\" data-elementor-post-type=\"elementor_library\">\n\t\t\t<div class=\"elementor-element elementor-element-bc49e29 e-flex e-con-boxed e-con e-parent\" data-id=\"bc49e29\" data-element_type=\"container\" data-e-type=\"container\" data-settings=\"{&quot;jet_parallax_layout_list&quot;:[]}\">\n\t\t\t\t\t<div class=\"e-con-inner\">\n\t\t<a class=\"elementor-element elementor-element-a9f5696 e-flex e-con-boxed e-con e-child\" data-id=\"a9f5696\" data-element_type=\"container\" data-e-type=\"container\" data-settings=\"{&quot;jet_parallax_layout_list&quot;:[]}\" href=\"https:\/\/wehostcostabrava.com\/ca\/festival-cap-roig-calella-de-palafrugell-allotjament\/\">\n\t\t\t\t\t<div class=\"e-con-inner\">\n\t\t\t\t<div class=\"elementor-element elementor-element-42d1505 elementor-widget elementor-widget-image\" data-id=\"42d1505\" data-element_type=\"widget\" data-e-type=\"widget\" data-widget_type=\"image.default\">\n\t\t\t\t<div class=\"elementor-widget-container\">\n\t\t\t\t\t\t\t\t\t\t\t\t\t\t\t<img decoding=\"async\" src=\"https:\/\/wehostcostabrava.com\/wp-content\/uploads\/elementor\/thumbs\/festival_musica_cap_roig-r5em9inbrnfqw5fon6d8xmtl086lnjegwyh18h48xs.jpg\" title=\"festival_musica_cap_roig\" alt=\"festival_musica_cap_roig\" loading=\"lazy\" \/>\t\t\t\t\t\t\t\t\t\t\t\t\t\t\t<\/div>\n\t\t\t\t<\/div>\n\t\t\t\t<div class=\"elementor-element elementor-element-37f6979 elementor-widget elementor-widget-heading\" data-id=\"37f6979\" data-element_type=\"widget\" data-e-type=\"widget\" data-widget_type=\"heading.default\">\n\t\t\t\t<div class=\"elementor-widget-container\">\n\t\t\t\t\t<h2 class=\"elementor-heading-title elementor-size-default\"><a href=\"https:\/\/wehostcostabrava.com\/ca\/festival-cap-roig-calella-de-palafrugell-allotjament\/\">Festival de m\u00fasica de Cap Roig 2025 a Calella de Palafrugell (cartell, dates i allotjament)<\/a><\/h2>\t\t\t\t<\/div>\n\t\t\t\t<\/div>\n\t\t\t\t\t<\/div>\n\t\t\t\t<\/a>\n\t\t\t\t\t<\/div>\n\t\t\t\t<\/div>\n\t\t\t\t<\/div>\n\t\t\t\t\t<\/div>\n\t\t<\/article>\n\t\t\t\t\t<\/div>\n\t\t\t\t\t<\/div>\n\t\t\t\t\t\t<\/div>\n\t\t\t\t<\/div>\n\t\t\t\t\t<\/div>\n\t\t\t\t<\/div>\n\t\t\t\t<\/div>\n\t\t","protected":false},"excerpt":{"rendered":"<p>\u00a0<\/p>\n","protected":false},"author":1,"featured_media":0,"parent":0,"menu_order":0,"comment_status":"closed","ping_status":"closed","template":"","meta":{"_acf_changed":false,"footnotes":""},"class_list":["post-8802","page","type-page","status-publish","hentry"],"acf":[],"_links":{"self":[{"href":"https:\/\/wehostcostabrava.com\/ca\/wp-json\/wp\/v2\/pages\/8802","targetHints":{"allow":["GET"]}}],"collection":[{"href":"https:\/\/wehostcostabrava.com\/ca\/wp-json\/wp\/v2\/pages"}],"about":[{"href":"https:\/\/wehostcostabrava.com\/ca\/wp-json\/wp\/v2\/types\/page"}],"author":[{"embeddable":true,"href":"https:\/\/wehostcostabrava.com\/ca\/wp-json\/wp\/v2\/users\/1"}],"replies":[{"embeddable":true,"href":"https:\/\/wehostcostabrava.com\/ca\/wp-json\/wp\/v2\/comments?post=8802"}],"version-history":[{"count":11,"href":"https:\/\/wehostcostabrava.com\/ca\/wp-json\/wp\/v2\/pages\/8802\/revisions"}],"predecessor-version":[{"id":8893,"href":"https:\/\/wehostcostabrava.com\/ca\/wp-json\/wp\/v2\/pages\/8802\/revisions\/8893"}],"wp:attachment":[{"href":"https:\/\/wehostcostabrava.com\/ca\/wp-json\/wp\/v2\/media?parent=8802"}],"curies":[{"name":"wp","href":"https:\/\/api.w.org\/{rel}","templated":true}]}}