{"id":10640,"date":"2026-01-22T16:46:34","date_gmt":"2026-01-22T15:46:34","guid":{"rendered":"https:\/\/wehostcostabrava.com\/informacion-propiedad\/"},"modified":"2026-02-03T16:56:51","modified_gmt":"2026-02-03T15:56:51","slug":"informacion-propiedad","status":"publish","type":"page","link":"https:\/\/wehostcostabrava.com\/ca\/informacion-propiedad\/","title":{"rendered":"Informaci\u00f3n propiedad"},"content":{"rendered":"\t\t<div data-elementor-type=\"wp-page\" data-elementor-id=\"10640\" class=\"elementor elementor-10640 elementor-10637\" data-elementor-post-type=\"page\">\n\t\t\t\t<div class=\"elementor-element elementor-element-96ef0e6 e-con-full e-flex e-con e-parent\" data-id=\"96ef0e6\" data-element_type=\"container\" data-e-type=\"container\" data-settings=\"{&quot;background_background&quot;:&quot;classic&quot;,&quot;jet_parallax_layout_list&quot;:[]}\">\n\t\t\t\t<div class=\"elementor-element elementor-element-6c2e5e2 elementor-widget elementor-widget-shortcode\" data-id=\"6c2e5e2\" data-element_type=\"widget\" data-e-type=\"widget\" data-widget_type=\"shortcode.default\">\n\t\t\t\t<div class=\"elementor-widget-container\">\n\t\t\t\t\t\t\t<div class=\"elementor-shortcode\"><div class=\"hfy-wrap hfy-theme1 nopad\">No listing ID<\/div><\/div>\n\t\t\t\t\t\t<\/div>\n\t\t\t\t<\/div>\n\t\t\t\t<div class=\"elementor-element elementor-element-b71a6b2 elementor-absolute elementor-hidden-mobile elementor-widget elementor-widget-button\" data-id=\"b71a6b2\" data-element_type=\"widget\" data-e-type=\"widget\" id=\"boto-veure-galeria\" data-settings=\"{&quot;_position&quot;:&quot;absolute&quot;}\" data-widget_type=\"button.default\">\n\t\t\t\t<div class=\"elementor-widget-container\">\n\t\t\t\t\t\t\t\t\t<div class=\"elementor-button-wrapper\">\n\t\t\t\t\t<a class=\"elementor-button elementor-button-link elementor-size-sm elementor-animation-grow\" href=\"#\">\n\t\t\t\t\t\t<span class=\"elementor-button-content-wrapper\">\n\t\t\t\t\t\t<span class=\"elementor-button-icon\">\n\t\t\t\t<svg aria-hidden=\"true\" class=\"e-font-icon-svg e-far-images\" viewBox=\"0 0 576 512\" xmlns=\"http:\/\/www.w3.org\/2000\/svg\"><path d=\"M480 416v16c0 26.51-21.49 48-48 48H48c-26.51 0-48-21.49-48-48V176c0-26.51 21.49-48 48-48h16v48H54a6 6 0 0 0-6 6v244a6 6 0 0 0 6 6h372a6 6 0 0 0 6-6v-10h48zm42-336H150a6 6 0 0 0-6 6v244a6 6 0 0 0 6 6h372a6 6 0 0 0 6-6V86a6 6 0 0 0-6-6zm6-48c26.51 0 48 21.49 48 48v256c0 26.51-21.49 48-48 48H144c-26.51 0-48-21.49-48-48V80c0-26.51 21.49-48 48-48h384zM264 144c0 22.091-17.909 40-40 40s-40-17.909-40-40 17.909-40 40-40 40 17.909 40 40zm-72 96l39.515-39.515c4.686-4.686 12.284-4.686 16.971 0L288 240l103.515-103.515c4.686-4.686 12.284-4.686 16.971 0L480 208v80H192v-48z\"><\/path><\/svg>\t\t\t<\/span>\n\t\t\t\t\t\t\t\t\t<span class=\"elementor-button-text\">Ver la galer\u00eda<\/span>\n\t\t\t\t\t<\/span>\n\t\t\t\t\t<\/a>\n\t\t\t\t<\/div>\n\t\t\t\t\t\t\t\t<\/div>\n\t\t\t\t<\/div>\n\t\t\t\t<div class=\"elementor-element elementor-element-6ee2c9f elementor-mobile-align-center elementor-hidden-desktop elementor-hidden-tablet elementor-widget elementor-widget-button\" data-id=\"6ee2c9f\" data-element_type=\"widget\" data-e-type=\"widget\" data-widget_type=\"button.default\">\n\t\t\t\t<div class=\"elementor-widget-container\">\n\t\t\t\t\t\t\t\t\t<div class=\"elementor-button-wrapper\">\n\t\t\t\t\t<a class=\"elementor-button elementor-button-link elementor-size-sm elementor-animation-grow\" href=\"#\">\n\t\t\t\t\t\t<span class=\"elementor-button-content-wrapper\">\n\t\t\t\t\t\t<span class=\"elementor-button-icon\">\n\t\t\t\t<svg aria-hidden=\"true\" class=\"e-font-icon-svg e-far-images\" viewBox=\"0 0 576 512\" xmlns=\"http:\/\/www.w3.org\/2000\/svg\"><path d=\"M480 416v16c0 26.51-21.49 48-48 48H48c-26.51 0-48-21.49-48-48V176c0-26.51 21.49-48 48-48h16v48H54a6 6 0 0 0-6 6v244a6 6 0 0 0 6 6h372a6 6 0 0 0 6-6v-10h48zm42-336H150a6 6 0 0 0-6 6v244a6 6 0 0 0 6 6h372a6 6 0 0 0 6-6V86a6 6 0 0 0-6-6zm6-48c26.51 0 48 21.49 48 48v256c0 26.51-21.49 48-48 48H144c-26.51 0-48-21.49-48-48V80c0-26.51 21.49-48 48-48h384zM264 144c0 22.091-17.909 40-40 40s-40-17.909-40-40 17.909-40 40-40 40 17.909 40 40zm-72 96l39.515-39.515c4.686-4.686 12.284-4.686 16.971 0L288 240l103.515-103.515c4.686-4.686 12.284-4.686 16.971 0L480 208v80H192v-48z\"><\/path><\/svg>\t\t\t<\/span>\n\t\t\t\t\t\t\t\t\t<span class=\"elementor-button-text\">Ver la galer\u00eda<\/span>\n\t\t\t\t\t<\/span>\n\t\t\t\t\t<\/a>\n\t\t\t\t<\/div>\n\t\t\t\t\t\t\t\t<\/div>\n\t\t\t\t<\/div>\n\t\t\t\t<div class=\"elementor-element elementor-element-48468f5 elementor-widget elementor-widget-html\" data-id=\"48468f5\" data-element_type=\"widget\" data-e-type=\"widget\" data-widget_type=\"html.default\">\n\t\t\t\t<div class=\"elementor-widget-container\">\n\t\t\t\t\t<script>\ndocument.addEventListener('DOMContentLoaded', function() {\n    \/\/ Busquem el nostre bot\u00f3 personalitzat\n    var botoGaleria = document.getElementById('boto-veure-galeria');\n    \n    if(botoGaleria) {\n        botoGaleria.addEventListener('click', function(e) {\n            e.preventDefault(); \/\/ Evitem que el bot\u00f3 faci la seva acci\u00f3 per defecte\n            \n            \/\/ Busquem la primera imatge de la galeria Hostify\n            \/\/ Aquest selector busca dins la teva classe personalitzada\n            var primeraImatge = document.querySelector('.hfy-listing-gallery-abnb img');\n            \n            if(primeraImatge) {\n                \/\/ Simulem un clic a la imatge per obrir el visor autom\u00e0ticament\n                primeraImatge.click();\n            }\n        });\n    }\n});\n<\/script>\t\t\t\t<\/div>\n\t\t\t\t<\/div>\n\t\t\t\t<\/div>\n\t\t<div class=\"elementor-element elementor-element-17cebc1 e-flex e-con-boxed e-con e-parent\" data-id=\"17cebc1\" data-element_type=\"container\" data-e-type=\"container\" data-settings=\"{&quot;background_background&quot;:&quot;classic&quot;,&quot;jet_parallax_layout_list&quot;:[]}\">\n\t\t\t\t\t<div class=\"e-con-inner\">\n\t\t\t\t<div class=\"elementor-element elementor-element-0a55d82 elementor-widget elementor-widget-shortcode\" data-id=\"0a55d82\" data-element_type=\"widget\" data-e-type=\"widget\" data-widget_type=\"shortcode.default\">\n\t\t\t\t<div class=\"elementor-widget-container\">\n\t\t\t\t\t\t\t<div class=\"elementor-shortcode\"><div class=\"hfy-wrap hfy-theme1 \">No listing ID<\/div><\/div>\n\t\t\t\t\t\t<\/div>\n\t\t\t\t<\/div>\n\t\t\t\t<div class=\"elementor-element elementor-element-8159764 elementor-widget elementor-widget-shortcode\" data-id=\"8159764\" data-element_type=\"widget\" data-e-type=\"widget\" data-widget_type=\"shortcode.default\">\n\t\t\t\t<div class=\"elementor-widget-container\">\n\t\t\t\t\t\t\t<div class=\"elementor-shortcode\"><div class=\"hfy-wrap hfy-theme1 \">No listing ID<\/div><\/div>\n\t\t\t\t\t\t<\/div>\n\t\t\t\t<\/div>\n\t\t\t\t\t<\/div>\n\t\t\t\t<\/div>\n\t\t<div class=\"elementor-element elementor-element-633fe05 e-flex e-con-boxed e-con e-parent\" data-id=\"633fe05\" data-element_type=\"container\" data-e-type=\"container\" data-settings=\"{&quot;jet_parallax_layout_list&quot;:[]}\">\n\t\t\t\t\t<div class=\"e-con-inner\">\n\t\t<div class=\"elementor-element elementor-element-b1baef0 e-con-full e-flex e-con e-child\" data-id=\"b1baef0\" data-element_type=\"container\" data-e-type=\"container\" data-settings=\"{&quot;jet_parallax_layout_list&quot;:[]}\">\n\t\t\t\t<div class=\"elementor-element elementor-element-64e42a2 elementor-widget elementor-widget-heading\" data-id=\"64e42a2\" data-element_type=\"widget\" data-e-type=\"widget\" data-widget_type=\"heading.default\">\n\t\t\t\t<div class=\"elementor-widget-container\">\n\t\t\t\t\t<h2 class=\"elementor-heading-title elementor-size-default\">Descripci\u00f3n<\/h2>\t\t\t\t<\/div>\n\t\t\t\t<\/div>\n\t\t\t\t<div class=\"elementor-element elementor-element-8b170dd elementor-widget elementor-widget-shortcode\" data-id=\"8b170dd\" data-element_type=\"widget\" data-e-type=\"widget\" data-widget_type=\"shortcode.default\">\n\t\t\t\t<div class=\"elementor-widget-container\">\n\t\t\t\t\t\t\t<div class=\"elementor-shortcode\"><div class=\"hfy-wrap hfy-theme1 \">No listing ID<\/div><\/div>\n\t\t\t\t\t\t<\/div>\n\t\t\t\t<\/div>\n\t\t\t\t<div class=\"elementor-element elementor-element-3f56b10 elementor-widget elementor-widget-heading\" data-id=\"3f56b10\" data-element_type=\"widget\" data-e-type=\"widget\" data-widget_type=\"heading.default\">\n\t\t\t\t<div class=\"elementor-widget-container\">\n\t\t\t\t\t<h2 class=\"elementor-heading-title elementor-size-default\">Servicios<\/h2>\t\t\t\t<\/div>\n\t\t\t\t<\/div>\n\t\t\t\t<div class=\"elementor-element elementor-element-6dea424 elementor-widget__width-initial elementor-widget elementor-widget-shortcode\" data-id=\"6dea424\" data-element_type=\"widget\" data-e-type=\"widget\" data-widget_type=\"shortcode.default\">\n\t\t\t\t<div class=\"elementor-widget-container\">\n\t\t\t\t\t\t\t<div class=\"elementor-shortcode\"><div class=\"hfy-wrap hfy-theme1 \">No listing ID<\/div><\/div>\n\t\t\t\t\t\t<\/div>\n\t\t\t\t<\/div>\n\t\t\t\t<div class=\"elementor-element elementor-element-2e7e216 elementor-widget__width-initial elementor-widget elementor-widget-html\" data-id=\"2e7e216\" data-element_type=\"widget\" data-e-type=\"widget\" data-widget_type=\"html.default\">\n\t\t\t\t<div class=\"elementor-widget-container\">\n\t\t\t\t\t<button class=\"hfy-amenities-toggle\" onclick=\"document.querySelector('.hfy-listing-amenities').classList.toggle('show-all'); this.textContent = document.querySelector('.hfy-listing-amenities').classList.contains('show-all') ? 'Mostrar menos' : 'Mostrar todas las comodidades';\">Mostrar todas las comodidades<\/button>\t\t\t\t<\/div>\n\t\t\t\t<\/div>\n\t\t\t\t<div class=\"elementor-element elementor-element-03bda2b elementor-widget elementor-widget-heading\" data-id=\"03bda2b\" data-element_type=\"widget\" data-e-type=\"widget\" data-widget_type=\"heading.default\">\n\t\t\t\t<div class=\"elementor-widget-container\">\n\t\t\t\t\t<h2 class=\"elementor-heading-title elementor-size-default\">Localizaci\u00f3n<\/h2>\t\t\t\t<\/div>\n\t\t\t\t<\/div>\n\t\t\t\t<div class=\"elementor-element elementor-element-6f825f4 elementor-widget elementor-widget-shortcode\" data-id=\"6f825f4\" data-element_type=\"widget\" data-e-type=\"widget\" data-widget_type=\"shortcode.default\">\n\t\t\t\t<div class=\"elementor-widget-container\">\n\t\t\t\t\t\t\t<div class=\"elementor-shortcode\"><div class=\"hfy-wrap hfy-theme1 \">No listing ID<\/div><\/div>\n\t\t\t\t\t\t<\/div>\n\t\t\t\t<\/div>\n\t\t\t\t<div class=\"elementor-element elementor-element-061196b elementor-widget elementor-widget-heading\" data-id=\"061196b\" data-element_type=\"widget\" data-e-type=\"widget\" data-widget_type=\"heading.default\">\n\t\t\t\t<div class=\"elementor-widget-container\">\n\t\t\t\t\t<h2 class=\"elementor-heading-title elementor-size-default\">Opiniones<\/h2>\t\t\t\t<\/div>\n\t\t\t\t<\/div>\n\t\t\t\t<div class=\"elementor-element elementor-element-9448698 elementor-widget elementor-widget-shortcode\" data-id=\"9448698\" data-element_type=\"widget\" data-e-type=\"widget\" data-widget_type=\"shortcode.default\">\n\t\t\t\t<div class=\"elementor-widget-container\">\n\t\t\t\t\t\t\t<div class=\"elementor-shortcode\"><div class=\"hfy-wrap hfy-theme1 \">No listing ID<\/div><\/div>\n\t\t\t\t\t\t<\/div>\n\t\t\t\t<\/div>\n\t\t\t\t<div class=\"elementor-element elementor-element-b5d0215 elementor-widget elementor-widget-shortcode\" data-id=\"b5d0215\" data-element_type=\"widget\" data-e-type=\"widget\" data-widget_type=\"shortcode.default\">\n\t\t\t\t<div class=\"elementor-widget-container\">\n\t\t\t\t\t\t\t<div class=\"elementor-shortcode\"><div class=\"hfy-wrap hfy-theme1 \">No listing ID<\/div><\/div>\n\t\t\t\t\t\t<\/div>\n\t\t\t\t<\/div>\n\t\t\t\t<\/div>\n\t\t<div class=\"elementor-element elementor-element-e8509ff e-con-full e-flex e-con e-child\" data-id=\"e8509ff\" data-element_type=\"container\" data-e-type=\"container\" data-settings=\"{&quot;jet_parallax_layout_list&quot;:[],&quot;sticky&quot;:&quot;top&quot;,&quot;sticky_offset&quot;:30,&quot;sticky_effects_offset&quot;:30,&quot;sticky_anchor_link_offset&quot;:30,&quot;sticky_parent&quot;:&quot;yes&quot;,&quot;sticky_on&quot;:[&quot;desktop&quot;]}\">\n\t\t\t\t<div class=\"elementor-element elementor-element-fb62001 elementor-widget elementor-widget-shortcode\" data-id=\"fb62001\" data-element_type=\"widget\" data-e-type=\"widget\" data-widget_type=\"shortcode.default\">\n\t\t\t\t<div class=\"elementor-widget-container\">\n\t\t\t\t\t\t\t<div class=\"elementor-shortcode\"><div class=\"hfy-wrap hfy-theme1 \">No listing ID<\/div><\/div>\n\t\t\t\t\t\t<\/div>\n\t\t\t\t<\/div>\n\t\t\t\t<\/div>\n\t\t\t\t\t<\/div>\n\t\t\t\t<\/div>\n\t\t\t\t<\/div>\n\t\t","protected":false},"excerpt":{"rendered":"<p>Ver la galer\u00eda Ver la galer\u00eda Descripci\u00f3n Servicios Mostrar todas las comodidades Localizaci\u00f3n Opiniones<\/p>\n","protected":false},"author":1,"featured_media":0,"parent":0,"menu_order":0,"comment_status":"closed","ping_status":"closed","template":"","meta":{"_acf_changed":false,"footnotes":""},"class_list":["post-10640","page","type-page","status-publish","hentry"],"acf":[],"_links":{"self":[{"href":"https:\/\/wehostcostabrava.com\/ca\/wp-json\/wp\/v2\/pages\/10640","targetHints":{"allow":["GET"]}}],"collection":[{"href":"https:\/\/wehostcostabrava.com\/ca\/wp-json\/wp\/v2\/pages"}],"about":[{"href":"https:\/\/wehostcostabrava.com\/ca\/wp-json\/wp\/v2\/types\/page"}],"author":[{"embeddable":true,"href":"https:\/\/wehostcostabrava.com\/ca\/wp-json\/wp\/v2\/users\/1"}],"replies":[{"embeddable":true,"href":"https:\/\/wehostcostabrava.com\/ca\/wp-json\/wp\/v2\/comments?post=10640"}],"version-history":[{"count":306,"href":"https:\/\/wehostcostabrava.com\/ca\/wp-json\/wp\/v2\/pages\/10640\/revisions"}],"predecessor-version":[{"id":12053,"href":"https:\/\/wehostcostabrava.com\/ca\/wp-json\/wp\/v2\/pages\/10640\/revisions\/12053"}],"wp:attachment":[{"href":"https:\/\/wehostcostabrava.com\/ca\/wp-json\/wp\/v2\/media?parent=10640"}],"curies":[{"name":"wp","href":"https:\/\/api.w.org\/{rel}","templated":true}]}}